{"id":475,"date":"2013-10-08T13:48:39","date_gmt":"2013-10-08T13:48:39","guid":{"rendered":"http:\/\/www.eldmessa.is\/eldmessa\/?page_id=475"},"modified":"2024-06-17T18:25:37","modified_gmt":"2024-06-17T18:25:37","slug":"kommentare","status":"publish","type":"page","link":"https:\/\/www.eldmessa.is\/eldmessa\/kommentare\/","title":{"rendered":"Kommentare"},"content":{"rendered":"<p>Seite f\u00fcr Kommentare, nur f\u00fcr das H\u00f6ren von unseren Besuchern.<\/p>\n","protected":false},"excerpt":{"rendered":"<p>Seite f\u00fcr Kommentare, nur f\u00fcr das H\u00f6ren von unseren Besuchern.<\/p>\n","protected":false},"author":1,"featured_media":54,"parent":0,"menu_order":0,"comment_status":"open","ping_status":"closed","template":"","meta":{"footnotes":""},"class_list":["post-475","page","type-page","status-publish","has-post-thumbnail","hentry"],"_links":{"self":[{"href":"https:\/\/www.eldmessa.is\/eldmessa\/wp-json\/wp\/v2\/pages\/475","targetHints":{"allow":["GET"]}}],"collection":[{"href":"https:\/\/www.eldmessa.is\/eldmessa\/wp-json\/wp\/v2\/pages"}],"about":[{"href":"https:\/\/www.eldmessa.is\/eldmessa\/wp-json\/wp\/v2\/types\/page"}],"author":[{"embeddable":true,"href":"https:\/\/www.eldmessa.is\/eldmessa\/wp-json\/wp\/v2\/users\/1"}],"replies":[{"embeddable":true,"href":"https:\/\/www.eldmessa.is\/eldmessa\/wp-json\/wp\/v2\/comments?post=475"}],"version-history":[{"count":2,"href":"https:\/\/www.eldmessa.is\/eldmessa\/wp-json\/wp\/v2\/pages\/475\/revisions"}],"predecessor-version":[{"id":487,"href":"https:\/\/www.eldmessa.is\/eldmessa\/wp-json\/wp\/v2\/pages\/475\/revisions\/487"}],"wp:featuredmedia":[{"embeddable":true,"href":"https:\/\/www.eldmessa.is\/eldmessa\/wp-json\/wp\/v2\/media\/54"}],"wp:attachment":[{"href":"https:\/\/www.eldmessa.is\/eldmessa\/wp-json\/wp\/v2\/media?parent=475"}],"curies":[{"name":"wp","href":"https:\/\/api.w.org\/{rel}","templated":true}]}}