{"id":466,"date":"2013-10-08T13:41:19","date_gmt":"2013-10-08T13:41:19","guid":{"rendered":"http:\/\/www.eldmessa.is\/eldmessa\/?page_id=466"},"modified":"2013-10-08T14:32:47","modified_gmt":"2013-10-08T14:32:47","slug":"ummaeli","status":"publish","type":"page","link":"https:\/\/www.eldmessa.is\/eldmessa\/ummaeli\/","title":{"rendered":"Umm\u00e6li"},"content":{"rendered":"<p>H\u00e9r v\u00e6ri gaman a\u00f0 sj\u00e1 einhver umm\u00e6li fr\u00e1 heims\u00e6kjendum s\u00ed\u00f0unnar. <\/p>\n","protected":false},"excerpt":{"rendered":"<p>H\u00e9r v\u00e6ri gaman a\u00f0 sj\u00e1 einhver umm\u00e6li fr\u00e1 heims\u00e6kjendum s\u00ed\u00f0unnar.<\/p>\n","protected":false},"author":1,"featured_media":54,"parent":0,"menu_order":0,"comment_status":"open","ping_status":"closed","template":"","meta":{"footnotes":""},"class_list":["post-466","page","type-page","status-publish","has-post-thumbnail","hentry"],"_links":{"self":[{"href":"https:\/\/www.eldmessa.is\/eldmessa\/wp-json\/wp\/v2\/pages\/466","targetHints":{"allow":["GET"]}}],"collection":[{"href":"https:\/\/www.eldmessa.is\/eldmessa\/wp-json\/wp\/v2\/pages"}],"about":[{"href":"https:\/\/www.eldmessa.is\/eldmessa\/wp-json\/wp\/v2\/types\/page"}],"author":[{"embeddable":true,"href":"https:\/\/www.eldmessa.is\/eldmessa\/wp-json\/wp\/v2\/users\/1"}],"replies":[{"embeddable":true,"href":"https:\/\/www.eldmessa.is\/eldmessa\/wp-json\/wp\/v2\/comments?post=466"}],"version-history":[{"count":4,"href":"https:\/\/www.eldmessa.is\/eldmessa\/wp-json\/wp\/v2\/pages\/466\/revisions"}],"predecessor-version":[{"id":482,"href":"https:\/\/www.eldmessa.is\/eldmessa\/wp-json\/wp\/v2\/pages\/466\/revisions\/482"}],"wp:featuredmedia":[{"embeddable":true,"href":"https:\/\/www.eldmessa.is\/eldmessa\/wp-json\/wp\/v2\/media\/54"}],"wp:attachment":[{"href":"https:\/\/www.eldmessa.is\/eldmessa\/wp-json\/wp\/v2\/media?parent=466"}],"curies":[{"name":"wp","href":"https:\/\/api.w.org\/{rel}","templated":true}]}}