{"id":45,"date":"2009-08-23T20:29:07","date_gmt":"2009-08-23T20:29:07","guid":{"rendered":"http:\/\/www.eldmessa.is\/eldmessa\/?page_id=45"},"modified":"2024-06-17T18:26:32","modified_gmt":"2024-06-17T18:26:32","slug":"location","status":"publish","type":"page","link":"https:\/\/www.eldmessa.is\/eldmessa\/location\/","title":{"rendered":"Location"},"content":{"rendered":"<p>Eldmessa is shown at Hotel Klaustur in the town Kirkjub\u00e6jarklaustur in southeast of Iceland. Kirkjub\u00e6jarklaustur is 270 km from Reykjavik.<\/p>\n<p>Location on map:<\/p>\n<p><a href=\"https:\/\/www.eldmessa.is\/eldmessa\/wp-content\/uploads\/2010\/07\/klaustur1.png\"><img loading=\"lazy\" decoding=\"async\" class=\"aligncenter size-full wp-image-262\" title=\"klaustur\" src=\"https:\/\/www.eldmessa.is\/eldmessa\/wp-content\/uploads\/2010\/07\/klaustur1.png\" alt=\"\" width=\"523\" height=\"401\" srcset=\"https:\/\/www.eldmessa.is\/eldmessa\/wp-content\/uploads\/2010\/07\/klaustur1.png 523w, https:\/\/www.eldmessa.is\/eldmessa\/wp-content\/uploads\/2010\/07\/klaustur1-300x230.png 300w\" sizes=\"auto, (max-width: 523px) 100vw, 523px\" \/><\/a><\/p>\n<p>Location Kirkjub\u00e6jarklaustur on Iceland map:<br \/>\n<a href=\"https:\/\/www.eldmessa.is\/eldmessa\/wp-content\/uploads\/2010\/07\/island.png\"><img loading=\"lazy\" decoding=\"async\" class=\"aligncenter size-full wp-image-264\" title=\"island\" src=\"https:\/\/www.eldmessa.is\/eldmessa\/wp-content\/uploads\/2010\/07\/island.png\" alt=\"\" width=\"464\" height=\"305\" srcset=\"https:\/\/www.eldmessa.is\/eldmessa\/wp-content\/uploads\/2010\/07\/island.png 464w, https:\/\/www.eldmessa.is\/eldmessa\/wp-content\/uploads\/2010\/07\/island-300x197.png 300w\" sizes=\"auto, (max-width: 464px) 100vw, 464px\" \/><\/a><\/p>\n","protected":false},"excerpt":{"rendered":"<p>Eldmessa is shown at Hotel Klaustur in the town Kirkjub\u00e6jarklaustur in southeast of Iceland. Kirkjub\u00e6jarklaustur is 270 km from Reykjavik. Location on map: Location Kirkjub\u00e6jarklaustur on Iceland map:<\/p>\n","protected":false},"author":1,"featured_media":0,"parent":0,"menu_order":0,"comment_status":"closed","ping_status":"closed","template":"","meta":{"footnotes":""},"class_list":["post-45","page","type-page","status-publish","hentry"],"_links":{"self":[{"href":"https:\/\/www.eldmessa.is\/eldmessa\/wp-json\/wp\/v2\/pages\/45","targetHints":{"allow":["GET"]}}],"collection":[{"href":"https:\/\/www.eldmessa.is\/eldmessa\/wp-json\/wp\/v2\/pages"}],"about":[{"href":"https:\/\/www.eldmessa.is\/eldmessa\/wp-json\/wp\/v2\/types\/page"}],"author":[{"embeddable":true,"href":"https:\/\/www.eldmessa.is\/eldmessa\/wp-json\/wp\/v2\/users\/1"}],"replies":[{"embeddable":true,"href":"https:\/\/www.eldmessa.is\/eldmessa\/wp-json\/wp\/v2\/comments?post=45"}],"version-history":[{"count":14,"href":"https:\/\/www.eldmessa.is\/eldmessa\/wp-json\/wp\/v2\/pages\/45\/revisions"}],"predecessor-version":[{"id":527,"href":"https:\/\/www.eldmessa.is\/eldmessa\/wp-json\/wp\/v2\/pages\/45\/revisions\/527"}],"wp:attachment":[{"href":"https:\/\/www.eldmessa.is\/eldmessa\/wp-json\/wp\/v2\/media?parent=45"}],"curies":[{"name":"wp","href":"https:\/\/api.w.org\/{rel}","templated":true}]}}