{"id":414,"date":"2010-07-28T15:00:45","date_gmt":"2010-07-28T15:00:45","guid":{"rendered":"http:\/\/www.eldmessa.is\/eldmessa\/?page_id=414"},"modified":"2024-06-17T18:26:12","modified_gmt":"2024-06-17T18:26:12","slug":"le-court-metrage-la-messe-du-feu","status":"publish","type":"page","link":"https:\/\/www.eldmessa.is\/eldmessa\/le-court-metrage-la-messe-du-feu\/","title":{"rendered":"Le court-m\u00e9trage \u201cla Messe du Feu\u201d"},"content":{"rendered":"<p>C&#8217;est un documentaire am\u00e9ricain pass\u00e9 \u00e0 la t\u00e9l\u00e9vision islandaise il y a quelques ann\u00e9es sur la catastrophe de Yellowstone Park qui a encourag\u00e9 les islandais \u00e0 faire ce court documentaire. L&#8217;incroyable \u00e9ruption de Yellowstone Park\u00a0 a\u00a0 lieu environ tous les 6-7 cent mille ans et la derni\u00e8re date de 640 mille ans. Les crat\u00e8res de Laki et le r\u00e9cit du pasteur Jon Steingrimsson pouvaient servir\u00a0 d&#8217;exemple\u00a0 pour ceux qui cherchent \u00e0 en savoir plus sur les prochaines \u00e9ruptions \u00e0 Yellowstone Park.<\/p>\n<p>\u00a0Les\u00a0 habitants de la &#8222;R\u00e9gions de feu&#8220; comme on appel la r\u00e9gion qui entoure Kirkjubaejarklaustur ont r\u00e9alis\u00e9\u00a0 une simulation sur ordinateur qui montre le d\u00e9roulement de l&#8217;\u00e9ruption et l&#8217;effet catastrophique qu&#8217;elle a eu sur les habitants. Ce document int\u00e9ressera\u00a0 tous ceux qui veulent\u00a0 visiter Laki et se rendre compte de l&#8217;importance de l&#8217;\u00e9ruption, y compris les habitants de Kirkjubaejarklaustur.<\/p>\n<p>\u00a0L&#8217;\u00e9ruption de Eyjafjallaj\u00f6kull a montr\u00e9 la vuln\u00e9rabilit\u00e9\u00a0 de la soci\u00e9t\u00e9 d&#8217;aujourd&#8217;hui en face d&#8217;une\u00a0 \u00e9ruption volcanique et a aussi ouvert les yeux sur les cons\u00e9quences catastrophique qui pourrait avoir une autre\u00a0\u00e9ruption de Laki dans le monde. Il est de l&#8217;int\u00e9r\u00eat de tous de chercher \u00e0 en savoir encore plus sur Laki en venant visiter la r\u00e9gion de Skaftareldar o\u00f9 il y a r\u00e9guli\u00e8rement des \u00e9ruption volcaniques et en regardant\u00a0le tr\u00e8s beau documentaire <strong>La Messe du Feu<\/strong>.<\/p>\n","protected":false},"excerpt":{"rendered":"<p>C&#8217;est un documentaire am\u00e9ricain pass\u00e9 \u00e0 la t\u00e9l\u00e9vision islandaise il y a quelques ann\u00e9es sur la catastrophe de Yellowstone Park qui a encourag\u00e9 les islandais \u00e0 faire ce court documentaire. L&#8217;incroyable \u00e9ruption de Yellowstone Park\u00a0[&#8230;]<\/p>\n","protected":false},"author":1,"featured_media":0,"parent":0,"menu_order":0,"comment_status":"closed","ping_status":"closed","template":"","meta":{"footnotes":""},"class_list":["post-414","page","type-page","status-publish","hentry"],"_links":{"self":[{"href":"https:\/\/www.eldmessa.is\/eldmessa\/wp-json\/wp\/v2\/pages\/414","targetHints":{"allow":["GET"]}}],"collection":[{"href":"https:\/\/www.eldmessa.is\/eldmessa\/wp-json\/wp\/v2\/pages"}],"about":[{"href":"https:\/\/www.eldmessa.is\/eldmessa\/wp-json\/wp\/v2\/types\/page"}],"author":[{"embeddable":true,"href":"https:\/\/www.eldmessa.is\/eldmessa\/wp-json\/wp\/v2\/users\/1"}],"replies":[{"embeddable":true,"href":"https:\/\/www.eldmessa.is\/eldmessa\/wp-json\/wp\/v2\/comments?post=414"}],"version-history":[{"count":7,"href":"https:\/\/www.eldmessa.is\/eldmessa\/wp-json\/wp\/v2\/pages\/414\/revisions"}],"predecessor-version":[{"id":541,"href":"https:\/\/www.eldmessa.is\/eldmessa\/wp-json\/wp\/v2\/pages\/414\/revisions\/541"}],"wp:attachment":[{"href":"https:\/\/www.eldmessa.is\/eldmessa\/wp-json\/wp\/v2\/media?parent=414"}],"curies":[{"name":"wp","href":"https:\/\/api.w.org\/{rel}","templated":true}]}}