{"id":243,"date":"2010-07-14T23:14:13","date_gmt":"2010-07-14T23:14:13","guid":{"rendered":"http:\/\/www.eldmessa.is\/eldmessa\/?page_id=243"},"modified":"2010-07-14T23:31:52","modified_gmt":"2010-07-14T23:31:52","slug":"a%c3%b0dragandinn","status":"publish","type":"page","link":"https:\/\/www.eldmessa.is\/eldmessa\/a%c3%b0dragandinn\/","title":{"rendered":"A\u00f0dragandinn"},"content":{"rendered":"<p style=\"text-align: justify;\">Hvatningin til a\u00f0 gera stutta kynningarmynd um hamfarir Skaft\u00e1relda var s\u00fdning fyrir f\u00e1um \u00e1rum \u00ed \u00edslenska sj\u00f3nvarpinu \u00e1 bandar\u00edskri fr\u00e6\u00f0slumynd um hamfarir \u00ed Yellowstone Park.\u00a0\u00a0\u00dear hef\u00f0u or\u00f0i\u00f0 g\u00edfurlegar hamfarir \u00e1 6-7 hundru\u00f0 \u00fe\u00fasund \u00e1ra fresti og n\u00fa v\u00e6ru li\u00f0in 640 \u00fe\u00fas. \u00e1r fr\u00e1 s\u00ed\u00f0asta gosi.\u00a0\u00a0\u00deeir, sem hins vegar vildu f\u00e1 meiri vitneskju um v\u00e6ntanlegar hamfarir \u00ed Yellowstone, g\u00e6tu \u00f6\u00f0last \u00fe\u00e6r me\u00f0 \u00fev\u00ed a\u00f0 sko\u00f0a Lakag\u00edga, einkum vegna hins einstaka Eldrits sr. J\u00f3ns Steingr\u00edmssonar.<\/p>\n<p style=\"text-align: justify;\">\u00cd \u201cEldsveitunum\u201d eins og h\u00e9ra\u00f0i\u00f0 umhverfis Kirkjub\u00e6jarklaustur var nefnt eftir Skaft\u00e1relda var enginn a\u00f0ili fyrir hendi til a\u00f0 a\u00f0sto\u00f0a vi\u00f0 sl\u00edka fr\u00e6\u00f0slu.\u00a0\u00a0Til a\u00f0 reyna a\u00f0 b\u00e6ta \u00far \u00fev\u00ed var r\u00e1\u00f0ist \u00ed a\u00f0 gera stutta t\u00f6lvumynd, sem s\u00fdndi a\u00f0alatri\u00f0in \u00ed framvindu gossins og h\u00f6rmungar M\u00f3\u00f0uhar\u00f0inda fyrir \u00edb\u00faana.\u00a0\u00a0Fyrir \u00fe\u00e1, sem fara eftir \u00e1bendingunni um a\u00f0 sko\u00f0a Laka, er myndin n\u00fa mikilv\u00e6gur lei\u00f0arv\u00edsir vi\u00f0 a\u00f0 lesa feril hamfaranna beint af n\u00e1tt\u00farunni og skynja h\u00f6rmungar \u00edb\u00faanna \u00ed M\u00f3\u00f0uhar\u00f0indunum.<\/p>\n<p style=\"text-align: justify;\">Jafnframt er myndinni \u00e6tla\u00f0 a\u00f0 stu\u00f0la a\u00f0 \u00f6flugra fr\u00e6\u00f0slustarfi \u00e1 Kirkjub\u00e6jarklaustri um \u00feessar hamfarir n\u00e1tt\u00faruaflanna.\u00a0\u00a0Gosi\u00f0 \u00ed Eyjafjallaj\u00f6kli s\u00fdndi, hva\u00f0 n\u00fat\u00edmasamf\u00e9lagi\u00f0 er vi\u00f0kv\u00e6mt fyrir sl\u00edkum n\u00e1tt\u00faruhamf\u00f6rum og \u00fe\u00e1 um lei\u00f0, hversu g\u00edfurlegar aflei\u00f0ingar a\u00f0rir Skaft\u00e1reldar hef\u00f0u um allan heim \u00ed dag.\u00a0\u00a0\u00dea\u00f0 hl\u00fdtur \u00fev\u00ed a\u00f0 ver\u00f0a vaxandi \u00e1hugam\u00e1l margra a\u00f0 \u00f6\u00f0last meiri vitneskju um Skaft\u00e1relda me\u00f0 heims\u00f3knum \u00ed h\u00e9ra\u00f0i\u00f0, enda vita\u00f0 a\u00f0 sl\u00edkar hamfarir hafa or\u00f0i\u00f0 \u00e1 \u00feessu sv\u00e6\u00f0i \u00e1 nokkur hundru\u00f0 \u00e1ra fresti.<\/p>\n<p style=\"text-align: justify;\"><strong>Hin \u00e1hrifamikla stuttmynd, Eldmessa, er g\u00f3\u00f0ur undirb\u00faningur a\u00f0 \u00fev\u00ed<\/strong>.<\/p>\n","protected":false},"excerpt":{"rendered":"<p>Hvatningin til a\u00f0 gera stutta kynningarmynd um hamfarir Skaft\u00e1relda var s\u00fdning fyrir f\u00e1um \u00e1rum \u00ed \u00edslenska sj\u00f3nvarpinu \u00e1 bandar\u00edskri fr\u00e6\u00f0slumynd um hamfarir \u00ed Yellowstone Park.\u00a0\u00a0\u00dear hef\u00f0u or\u00f0i\u00f0 g\u00edfurlegar hamfarir \u00e1 6-7 hundru\u00f0 \u00fe\u00fasund \u00e1ra fresti[&#8230;]<\/p>\n","protected":false},"author":1,"featured_media":0,"parent":0,"menu_order":0,"comment_status":"closed","ping_status":"closed","template":"","meta":{"footnotes":""},"class_list":["post-243","page","type-page","status-publish","hentry"],"_links":{"self":[{"href":"https:\/\/www.eldmessa.is\/eldmessa\/wp-json\/wp\/v2\/pages\/243","targetHints":{"allow":["GET"]}}],"collection":[{"href":"https:\/\/www.eldmessa.is\/eldmessa\/wp-json\/wp\/v2\/pages"}],"about":[{"href":"https:\/\/www.eldmessa.is\/eldmessa\/wp-json\/wp\/v2\/types\/page"}],"author":[{"embeddable":true,"href":"https:\/\/www.eldmessa.is\/eldmessa\/wp-json\/wp\/v2\/users\/1"}],"replies":[{"embeddable":true,"href":"https:\/\/www.eldmessa.is\/eldmessa\/wp-json\/wp\/v2\/comments?post=243"}],"version-history":[{"count":6,"href":"https:\/\/www.eldmessa.is\/eldmessa\/wp-json\/wp\/v2\/pages\/243\/revisions"}],"predecessor-version":[{"id":250,"href":"https:\/\/www.eldmessa.is\/eldmessa\/wp-json\/wp\/v2\/pages\/243\/revisions\/250"}],"wp:attachment":[{"href":"https:\/\/www.eldmessa.is\/eldmessa\/wp-json\/wp\/v2\/media?parent=243"}],"curies":[{"name":"wp","href":"https:\/\/api.w.org\/{rel}","templated":true}]}}