{"id":215,"date":"2010-07-07T00:17:21","date_gmt":"2010-07-07T00:17:21","guid":{"rendered":"http:\/\/www.eldmessa.is\/eldmessa\/?page_id=215"},"modified":"2010-07-16T14:14:44","modified_gmt":"2010-07-16T14:14:44","slug":"haf%c3%b0u-samband","status":"publish","type":"page","link":"https:\/\/www.eldmessa.is\/eldmessa\/haf%c3%b0u-samband\/","title":{"rendered":"Haf\u00f0u samband"},"content":{"rendered":"<p style=\"text-align: center;\">Ef einhverjar spurningar vakna var\u00f0andi myndina Eldmessu e\u00f0a \u00fe\u00fa \u00fearft a\u00f0 n\u00e1 \u00e1 a\u00f0standendur hennar, \u00fe\u00e1 er a\u00f0 fylla \u00fat formi\u00f0 h\u00e9r a\u00f0 ne\u00f0an og \u00fe\u00e9r ver\u00f0ur svara\u00f0 eins flj\u00f3tt og au\u00f0i\u00f0 er.<\/p>\n<p><!-- ddfm2 --><\/p>\n","protected":false},"excerpt":{"rendered":"<p>Ef einhverjar spurningar vakna var\u00f0andi myndina Eldmessu e\u00f0a \u00fe\u00fa \u00fearft a\u00f0 n\u00e1 \u00e1 a\u00f0standendur hennar, \u00fe\u00e1 er a\u00f0 fylla \u00fat formi\u00f0 h\u00e9r a\u00f0 ne\u00f0an og \u00fe\u00e9r ver\u00f0ur svara\u00f0 eins flj\u00f3tt og au\u00f0i\u00f0 er.<\/p>\n","protected":false},"author":1,"featured_media":0,"parent":0,"menu_order":0,"comment_status":"closed","ping_status":"closed","template":"","meta":{"footnotes":""},"class_list":["post-215","page","type-page","status-publish","hentry"],"_links":{"self":[{"href":"https:\/\/www.eldmessa.is\/eldmessa\/wp-json\/wp\/v2\/pages\/215","targetHints":{"allow":["GET"]}}],"collection":[{"href":"https:\/\/www.eldmessa.is\/eldmessa\/wp-json\/wp\/v2\/pages"}],"about":[{"href":"https:\/\/www.eldmessa.is\/eldmessa\/wp-json\/wp\/v2\/types\/page"}],"author":[{"embeddable":true,"href":"https:\/\/www.eldmessa.is\/eldmessa\/wp-json\/wp\/v2\/users\/1"}],"replies":[{"embeddable":true,"href":"https:\/\/www.eldmessa.is\/eldmessa\/wp-json\/wp\/v2\/comments?post=215"}],"version-history":[{"count":13,"href":"https:\/\/www.eldmessa.is\/eldmessa\/wp-json\/wp\/v2\/pages\/215\/revisions"}],"predecessor-version":[{"id":332,"href":"https:\/\/www.eldmessa.is\/eldmessa\/wp-json\/wp\/v2\/pages\/215\/revisions\/332"}],"wp:attachment":[{"href":"https:\/\/www.eldmessa.is\/eldmessa\/wp-json\/wp\/v2\/media?parent=215"}],"curies":[{"name":"wp","href":"https:\/\/api.w.org\/{rel}","templated":true}]}}