{"id":212,"date":"2010-07-07T00:14:11","date_gmt":"2010-07-07T00:14:11","guid":{"rendered":"http:\/\/www.eldmessa.is\/eldmessa\/?page_id=212"},"modified":"2020-08-03T13:26:50","modified_gmt":"2020-08-03T13:26:50","slug":"sta%c3%b0setning","status":"publish","type":"page","link":"https:\/\/www.eldmessa.is\/eldmessa\/sta%c3%b0setning\/","title":{"rendered":"Sta\u00f0setning"},"content":{"rendered":"<p>Eldmessa er s\u00fdnd \u00e1 H\u00f3tel Klaustri, Klausturvegi 6 \u00e1 Kirkjub\u00e6jarklastri. Kirkjub\u00e6jarklaustur er \u00ed 270 km fjarl\u00e6g\u00f0 fr\u00e1 Reykjav\u00edk.<\/p>\n<p>Sj\u00e1 kort, h\u00e9r a\u00f0 ne\u00f0an:<\/p>\n<p><a href=\"https:\/\/www.eldmessa.is\/eldmessa\/wp-content\/uploads\/2010\/07\/klaustur1.png\"><img loading=\"lazy\" decoding=\"async\" class=\"aligncenter size-full wp-image-262\" title=\"klaustur\" src=\"https:\/\/www.eldmessa.is\/eldmessa\/wp-content\/uploads\/2010\/07\/klaustur1.png\" alt=\"\" width=\"523\" height=\"401\" srcset=\"https:\/\/www.eldmessa.is\/eldmessa\/wp-content\/uploads\/2010\/07\/klaustur1.png 523w, https:\/\/www.eldmessa.is\/eldmessa\/wp-content\/uploads\/2010\/07\/klaustur1-300x230.png 300w\" sizes=\"auto, (max-width: 523px) 100vw, 523px\" \/><\/a><\/p>\n<p>Sta\u00f0setning Kirkub\u00e6jarklaustur \u00e1 \u00cdslandi:<br \/>\n<a href=\"https:\/\/www.eldmessa.is\/eldmessa\/wp-content\/uploads\/2010\/07\/island.png\"><img loading=\"lazy\" decoding=\"async\" class=\"aligncenter size-full wp-image-264\" title=\"island\" src=\"https:\/\/www.eldmessa.is\/eldmessa\/wp-content\/uploads\/2010\/07\/island.png\" alt=\"\" width=\"464\" height=\"305\" srcset=\"https:\/\/www.eldmessa.is\/eldmessa\/wp-content\/uploads\/2010\/07\/island.png 464w, https:\/\/www.eldmessa.is\/eldmessa\/wp-content\/uploads\/2010\/07\/island-300x197.png 300w\" sizes=\"auto, (max-width: 464px) 100vw, 464px\" \/><\/a><\/p>\n","protected":false},"excerpt":{"rendered":"<p>Eldmessa er s\u00fdnd \u00e1 H\u00f3tel Klaustri, Klausturvegi 6 \u00e1 Kirkjub\u00e6jarklastri. Kirkjub\u00e6jarklaustur er \u00ed 270 km fjarl\u00e6g\u00f0 fr\u00e1 Reykjav\u00edk. Sj\u00e1 kort, h\u00e9r a\u00f0 ne\u00f0an: Sta\u00f0setning Kirkub\u00e6jarklaustur \u00e1 \u00cdslandi:<\/p>\n","protected":false},"author":1,"featured_media":0,"parent":0,"menu_order":0,"comment_status":"closed","ping_status":"closed","template":"","meta":{"footnotes":""},"class_list":["post-212","page","type-page","status-publish","hentry"],"_links":{"self":[{"href":"https:\/\/www.eldmessa.is\/eldmessa\/wp-json\/wp\/v2\/pages\/212","targetHints":{"allow":["GET"]}}],"collection":[{"href":"https:\/\/www.eldmessa.is\/eldmessa\/wp-json\/wp\/v2\/pages"}],"about":[{"href":"https:\/\/www.eldmessa.is\/eldmessa\/wp-json\/wp\/v2\/types\/page"}],"author":[{"embeddable":true,"href":"https:\/\/www.eldmessa.is\/eldmessa\/wp-json\/wp\/v2\/users\/1"}],"replies":[{"embeddable":true,"href":"https:\/\/www.eldmessa.is\/eldmessa\/wp-json\/wp\/v2\/comments?post=212"}],"version-history":[{"count":6,"href":"https:\/\/www.eldmessa.is\/eldmessa\/wp-json\/wp\/v2\/pages\/212\/revisions"}],"predecessor-version":[{"id":528,"href":"https:\/\/www.eldmessa.is\/eldmessa\/wp-json\/wp\/v2\/pages\/212\/revisions\/528"}],"wp:attachment":[{"href":"https:\/\/www.eldmessa.is\/eldmessa\/wp-json\/wp\/v2\/media?parent=212"}],"curies":[{"name":"wp","href":"https:\/\/api.w.org\/{rel}","templated":true}]}}