{"id":209,"date":"2010-07-07T00:09:37","date_gmt":"2010-07-07T00:09:37","guid":{"rendered":"http:\/\/www.eldmessa.is\/eldmessa\/?page_id=209"},"modified":"2014-05-31T10:18:16","modified_gmt":"2014-05-31T10:18:16","slug":"myndbrot","status":"publish","type":"page","link":"https:\/\/www.eldmessa.is\/eldmessa\/myndbrot\/","title":{"rendered":"Myndbrot"},"content":{"rendered":"<p>H\u00e9r m\u00e1 sj\u00e1 stutt myndbrot \u00far heimildamyndinni.<\/p>\n<div align =\"center\"\/>\n<iframe loading=\"lazy\" src=\"\/\/player.vimeo.com\/video\/16762291\" width=\"600\" height=\"351\" frameborder=\"0\" webkitallowfullscreen mozallowfullscreen allowfullscreen><\/iframe> <\/p>\n<p><a href=\"http:\/\/vimeo.com\/16762291\" target=\"_blank\" rel=\"noopener\">Eldmessan<\/a> from <a href=\"http:\/\/vimeo.com\/gagarininteractive\" target=\"_blank\" rel=\"noopener\">Gagarin Interactive<\/a> on <a href=\"https:\/\/vimeo.com\" target=\"_blank\" rel=\"noopener\">Vimeo<\/a>.<\/p>\n<\/div>\n","protected":false},"excerpt":{"rendered":"<p>H\u00e9r m\u00e1 sj\u00e1 stutt myndbrot \u00far heimildamyndinni. Eldmessan from Gagarin Interactive on Vimeo.<\/p>\n","protected":false},"author":1,"featured_media":0,"parent":0,"menu_order":0,"comment_status":"closed","ping_status":"closed","template":"","meta":{"footnotes":""},"class_list":["post-209","page","type-page","status-publish","hentry"],"_links":{"self":[{"href":"https:\/\/www.eldmessa.is\/eldmessa\/wp-json\/wp\/v2\/pages\/209","targetHints":{"allow":["GET"]}}],"collection":[{"href":"https:\/\/www.eldmessa.is\/eldmessa\/wp-json\/wp\/v2\/pages"}],"about":[{"href":"https:\/\/www.eldmessa.is\/eldmessa\/wp-json\/wp\/v2\/types\/page"}],"author":[{"embeddable":true,"href":"https:\/\/www.eldmessa.is\/eldmessa\/wp-json\/wp\/v2\/users\/1"}],"replies":[{"embeddable":true,"href":"https:\/\/www.eldmessa.is\/eldmessa\/wp-json\/wp\/v2\/comments?post=209"}],"version-history":[{"count":10,"href":"https:\/\/www.eldmessa.is\/eldmessa\/wp-json\/wp\/v2\/pages\/209\/revisions"}],"predecessor-version":[{"id":450,"href":"https:\/\/www.eldmessa.is\/eldmessa\/wp-json\/wp\/v2\/pages\/209\/revisions\/450"}],"wp:attachment":[{"href":"https:\/\/www.eldmessa.is\/eldmessa\/wp-json\/wp\/v2\/media?parent=209"}],"curies":[{"name":"wp","href":"https:\/\/api.w.org\/{rel}","templated":true}]}}